{"id":3,"date":"2025-06-30T09:46:34","date_gmt":"2025-06-30T12:46:34","guid":{"rendered":"https:\/\/expansao.provanza.com.br\/?page_id=3"},"modified":"2026-04-20T13:43:46","modified_gmt":"2026-04-20T16:43:46","slug":"politica-de-privacidade","status":"publish","type":"page","link":"https:\/\/expansao.provanza.com.br\/?page_id=3","title":{"rendered":"Pol\u00edtica de privacidade"},"content":{"rendered":"\t\t<div data-elementor-type=\"wp-page\" data-elementor-id=\"3\" class=\"elementor elementor-3\" data-elementor-post-type=\"page\">\n\t\t\t\t<div class=\"elementor-element elementor-element-df29cfc e-flex e-con-boxed e-con e-parent\" data-id=\"df29cfc\" data-element_type=\"container\" data-e-type=\"container\" data-settings=\"{&quot;background_background&quot;:&quot;classic&quot;,&quot;ekit_has_onepagescroll_dot&quot;:&quot;yes&quot;}\">\n\t\t\t\t\t<div class=\"e-con-inner\">\n\t\t\t\t<div class=\"elementor-element elementor-element-93b8ba9 elementor-icon-list--layout-traditional elementor-list-item-link-full_width elementor-widget elementor-widget-icon-list\" data-id=\"93b8ba9\" data-element_type=\"widget\" data-e-type=\"widget\" data-settings=\"{&quot;ekit_we_effect_on&quot;:&quot;none&quot;}\" data-widget_type=\"icon-list.default\">\n\t\t\t\t\t\t\t<ul class=\"elementor-icon-list-items\">\n\t\t\t\t\t\t\t<li class=\"elementor-icon-list-item\">\n\t\t\t\t\t\t\t\t\t\t\t<a href=\"https:\/\/expansao.provanza.com.br\/\">\n\n\t\t\t\t\t\t\t\t\t\t\t\t<span class=\"elementor-icon-list-icon\">\n\t\t\t\t\t\t\t<svg aria-hidden=\"true\" class=\"e-font-icon-svg e-fas-chevron-left\" viewBox=\"0 0 320 512\" xmlns=\"http:\/\/www.w3.org\/2000\/svg\"><path d=\"M34.52 239.03L228.87 44.69c9.37-9.37 24.57-9.37 33.94 0l22.67 22.67c9.36 9.36 9.37 24.52.04 33.9L131.49 256l154.02 154.75c9.34 9.38 9.32 24.54-.04 33.9l-22.67 22.67c-9.37 9.37-24.57 9.37-33.94 0L34.52 272.97c-9.37-9.37-9.37-24.57 0-33.94z\"><\/path><\/svg>\t\t\t\t\t\t<\/span>\n\t\t\t\t\t\t\t\t\t\t<span class=\"elementor-icon-list-text\">Voltar para o site<\/span>\n\t\t\t\t\t\t\t\t\t\t\t<\/a>\n\t\t\t\t\t\t\t\t\t<\/li>\n\t\t\t\t\t\t<\/ul>\n\t\t\t\t\t\t<\/div>\n\t\t\t\t<div class=\"elementor-element elementor-element-8b44892 elementor-widget elementor-widget-heading\" data-id=\"8b44892\" data-element_type=\"widget\" data-e-type=\"widget\" data-settings=\"{&quot;ekit_we_effect_on&quot;:&quot;none&quot;}\" data-widget_type=\"heading.default\">\n\t\t\t\t\t<h2 class=\"elementor-heading-title elementor-size-default\">Pol\u00edticas de Privacidade<\/h2>\t\t\t\t<\/div>\n\t\t\t\t\t<\/div>\n\t\t\t\t<\/div>\n\t\t<div class=\"elementor-element elementor-element-4ecf4930 e-flex e-con-boxed e-con e-parent\" data-id=\"4ecf4930\" data-element_type=\"container\" data-e-type=\"container\" data-settings=\"{&quot;ekit_has_onepagescroll_dot&quot;:&quot;yes&quot;}\">\n\t\t\t\t\t<div class=\"e-con-inner\">\n\t\t\t\t<div class=\"elementor-element elementor-element-72cef9 elementor-widget elementor-widget-text-editor\" data-id=\"72cef9\" data-element_type=\"widget\" data-e-type=\"widget\" data-settings=\"{&quot;ekit_we_effect_on&quot;:&quot;none&quot;}\" data-widget_type=\"text-editor.default\">\n\t\t\t\t\t\t\t\t\t<p data-sourcepos=\"3:1-3:17\"><strong>1. Introdu\u00e7\u00e3o<\/strong><\/p>\n<p data-sourcepos=\"5:1-5:328\">A Provanza se preocupa com a prote\u00e7\u00e3o da sua privacidade e seguran\u00e7a.\u00a0<span class=\"citation-0 citation-end-0\">Esta Pol\u00edtica de Privacidade descreve como coletamos, usamos, compartilhamos e protegemos suas informa\u00e7\u00f5es pessoais quando voc\u00ea<\/span>\u00a0visita nosso site ou interage conosco. Ao usar nosso site, voc\u00ea concorda com os termos desta Pol\u00edtica de Privacidade.<span class=\"button-container hide-from-message-actions ng-star-inserted\">\u00a0 \u00a0<\/span><\/p>\n<p data-sourcepos=\"7:1-7:34\"><strong>2. Coleta\u00a0<span class=\"citation-1\">de Informa\u00e7\u00f5es<\/span><\/strong><\/p>\n<p data-sourcepos=\"9:1-9:423\"><span class=\"citation-1 citation-end-1\">Coletamos informa\u00e7\u00f5es pessoais que voc\u00ea nos fornece diretamente, como nome, endere\u00e7o de e-mail, n\u00famero de telefone<\/span>\u00a0e endere\u00e7o, quando voc\u00ea preenche formul\u00e1rios em nosso site, entra em contato conosco ou se inscreve em nossa newsletter. Tamb\u00e9m coletamos informa\u00e7\u00f5es automaticamente quando voc\u00ea visita nosso site, como endere\u00e7o IP, tipo de navegador, sistema operacional, p\u00e1ginas visitadas e tempo gasto em nosso site.<span class=\"button-container hide-from-message-actions ng-star-inserted\">\u00a0 \u00a0<\/span><\/p>\n<p data-sourcepos=\"11:1-11:26\"><strong>3. Uso das Informa\u00e7\u00f5es<\/strong><\/p>\n<p data-sourcepos=\"13:1-13:38\">Usamos suas informa\u00e7\u00f5es pessoais para:<\/p>\n<ul data-sourcepos=\"15:1-21:0\">\n<li data-sourcepos=\"15:1-15:45\">Responder \u00e0s suas perguntas e solicita\u00e7\u00f5es.<\/li>\n<li data-sourcepos=\"16:1-16:52\">Fornecer os produtos e servi\u00e7os que voc\u00ea solicita.<\/li>\n<li data-sourcepos=\"17:1-17:45\">Personalizar sua experi\u00eancia em nosso site.<\/li>\n<li data-sourcepos=\"18:1-18:40\">Melhorar nosso site e nossos produtos.<\/li>\n<li data-sourcepos=\"19:1-19:63\">Enviar a voc\u00ea newsletters e outras comunica\u00e7\u00f5es de marketing.<\/li>\n<li data-sourcepos=\"20:1-21:0\">Proteger nossos direitos e interesses.<\/li>\n<\/ul>\n<p data-sourcepos=\"22:1-22:38\"><strong>4. Compartilhamento de Informa\u00e7\u00f5es<\/strong><\/p>\n<p data-sourcepos=\"24:1-24:51\">Podemos compartilhar suas informa\u00e7\u00f5es pessoais com:<\/p>\n<ul data-sourcepos=\"26:1-29:0\">\n<li data-sourcepos=\"26:1-26:28\">Nossas empresas afiliadas.<\/li>\n<li data-sourcepos=\"27:1-27:87\">Provedores de servi\u00e7os terceirizados que nos auxiliam em nossas opera\u00e7\u00f5es comerciais.<\/li>\n<li data-sourcepos=\"28:1-29:0\">Autoridades governamentais e policiais, quando exigido por lei.<\/li>\n<\/ul>\n<p data-sourcepos=\"30:1-30:46\"><strong>5.\u00a0<span class=\"citation-2\">Cookies e Tecnologias Semelhantes<\/span><\/strong><\/p>\n<p data-sourcepos=\"32:1-32:370\"><span class=\"citation-2 citation-end-2\">Usamos cookies e tecnologias semelhantes para coletar informa\u00e7\u00f5es sobre sua atividade<\/span>\u00a0em nosso site.\u00a0<span class=\"citation-3 citation-end-3\">Cookies s\u00e3o pequenos arquivos de dados que s\u00e3o armazenados em seu computador ou dispositivo m\u00f3vel quando voc\u00ea visita um site.<\/span>\u00a0Essas tecnologias nos ajudam a personalizar sua experi\u00eancia, lembrar suas prefer\u00eancias e entender como voc\u00ea usa nosso site.<span class=\"button-container hide-from-message-actions ng-star-inserted\">\u00a0 \u00a0<\/span><\/p>\n<p data-sourcepos=\"34:1-34:32\"><strong>6. Seguran\u00e7a das Informa\u00e7\u00f5es<\/strong><\/p>\n<p data-sourcepos=\"36:1-36:260\">Tomamos medidas de seguran\u00e7a\u00a0<span class=\"citation-4\">para proteger suas informa\u00e7\u00f5es pessoais contra\u00a0<\/span><span class=\"citation-4 citation-5 citation-end-4\">acesso n\u00e3o autorizado, uso indevido ou divulga\u00e7\u00e3o. No entanto, nenhum m\u00e9todo de transmiss\u00e3o pela Internet<\/span><span class=\"citation-5 citation-end-5\">\u00a0ou m\u00e9todo de armazenamento eletr\u00f4nico<\/span>\u00a0\u00e9 100% seguro.<span class=\"button-container hide-from-message-actions ng-star-inserted\">\u00a0 \u00a0<\/span><\/p>\n<p data-sourcepos=\"38:1-38:35\"><strong>7. Seus Direitos de Privacidade<\/strong><\/p>\n<p data-sourcepos=\"40:1-40:231\">Voc<span class=\"citation-6\">\u00ea tem o direito de acessar,\u00a0<\/span><span class=\"citation-6 citation-7 citation-end-6\">corrigir ou excluir suas informa\u00e7\u00f5es pessoais. Voc\u00ea tamb\u00e9m pode optar por n\u00e3o receber nossas comunica\u00e7\u00f5es<\/span><span class=\"citation-7 citation-end-7\">\u00a0de marketing. Para exercer esses direitos, entre<\/span>\u00a0em contato conosco.<span class=\"button-container hide-from-message-actions ng-star-inserted\">\u00a0 \u00a0<\/span><\/p>\n<p data-sourcepos=\"42:1-42:29\"><strong>8.\u00a0<span class=\"citation-8\">Menores de Idade<\/span><\/strong><\/p>\n<p data-sourcepos=\"44:1-44:129\"><span class=\"citation-8 citation-end-8\">Nosso site n\u00e3o se destina a menores de 18 anos. N\u00e3o coletamos intencionalmente informa\u00e7\u00f5es pessoais de menores<\/span>\u00a0de 18 anos.<span class=\"button-container hide-from-message-actions ng-star-inserted\">\u00a0 \u00a0<\/span><\/p>\n<p data-sourcepos=\"46:1-46:32\"><strong>9. Altera\u00e7\u00f5es nesta Pol\u00edtica<\/strong><\/p>\n<p data-sourcepos=\"48:1-48:111\">Podemos atualizar esta Pol\u00edtica de Privacidade periodicamente. Publicaremos quaisquer altera\u00e7\u00f5es em nosso site.<\/p>\n<p data-sourcepos=\"50:1-50:15\"><strong>10. Contato<\/strong><\/p>\n<p data-sourcepos=\"52:1-52:89\">Se voc\u00ea tiver alguma d\u00favida sobre esta Pol\u00edtica de Privacidade, entre em contato conosco.<\/p>\t\t\t\t\t\t\t\t<\/div>\n\t\t\t\t\t<\/div>\n\t\t\t\t<\/div>\n\t\t<div class=\"elementor-element elementor-element-86214df e-flex e-con-boxed e-con e-parent\" data-id=\"86214df\" data-element_type=\"container\" data-e-type=\"container\" data-settings=\"{&quot;background_background&quot;:&quot;classic&quot;,&quot;ekit_has_onepagescroll_dot&quot;:&quot;yes&quot;}\">\n\t\t\t\t\t<div class=\"e-con-inner\">\n\t\t<div class=\"elementor-element elementor-element-a9be840 e-con-full e-flex e-con e-child\" data-id=\"a9be840\" data-element_type=\"container\" data-e-type=\"container\" data-settings=\"{&quot;ekit_has_onepagescroll_dot&quot;:&quot;yes&quot;}\">\n\t\t\t\t<div class=\"elementor-element elementor-element-fe16dbb elementor-widget elementor-widget-image\" data-id=\"fe16dbb\" data-element_type=\"widget\" data-e-type=\"widget\" data-settings=\"{&quot;ekit_we_effect_on&quot;:&quot;none&quot;}\" data-widget_type=\"image.default\">\n\t\t\t\t\t\t\t\t\t\t\t\t\t\t\t<img fetchpriority=\"high\" decoding=\"async\" width=\"800\" height=\"146\" src=\"https:\/\/expansao.provanza.com.br\/wp-content\/uploads\/2025\/07\/PROVANZA_Icone-transparente-branco-1024x187.webp\" class=\"attachment-large size-large wp-image-146\" alt=\"\" srcset=\"https:\/\/expansao.provanza.com.br\/wp-content\/uploads\/2025\/07\/PROVANZA_Icone-transparente-branco-1024x187.webp 1024w, https:\/\/expansao.provanza.com.br\/wp-content\/uploads\/2025\/07\/PROVANZA_Icone-transparente-branco-300x55.webp 300w, https:\/\/expansao.provanza.com.br\/wp-content\/uploads\/2025\/07\/PROVANZA_Icone-transparente-branco-768x140.webp 768w, https:\/\/expansao.provanza.com.br\/wp-content\/uploads\/2025\/07\/PROVANZA_Icone-transparente-branco-1536x281.webp 1536w, https:\/\/expansao.provanza.com.br\/wp-content\/uploads\/2025\/07\/PROVANZA_Icone-transparente-branco.webp 1560w\" sizes=\"(max-width: 800px) 100vw, 800px\" \/>\t\t\t\t\t\t\t\t\t\t\t\t\t\t\t<\/div>\n\t\t\t\t<div class=\"elementor-element elementor-element-b965d33 elementor-widget elementor-widget-heading\" data-id=\"b965d33\" data-element_type=\"widget\" data-e-type=\"widget\" data-settings=\"{&quot;ekit_we_effect_on&quot;:&quot;none&quot;}\" data-widget_type=\"heading.default\">\n\t\t\t\t\t<h2 class=\"elementor-heading-title elementor-size-default\">Copyright \u00a9 2026 Todos os direitos reservados.<\/h2>\t\t\t\t<\/div>\n\t\t\t\t<div class=\"elementor-element elementor-element-d6db9de elementor-widget elementor-widget-text-editor\" data-id=\"d6db9de\" data-element_type=\"widget\" data-e-type=\"widget\" data-settings=\"{&quot;ekit_we_effect_on&quot;:&quot;none&quot;}\" data-widget_type=\"text-editor.default\">\n\t\t\t\t\t\t\t\t\t<p><span style=\"color: #ffffff;\">Desenvolvido por <a style=\"color: #ffffff;\" href=\"http:\/\/docads.com.br\">DocAds<\/a><\/span><\/p>\t\t\t\t\t\t\t\t<\/div>\n\t\t\t\t<\/div>\n\t\t<div class=\"elementor-element elementor-element-221729a e-con-full e-flex e-con e-child\" data-id=\"221729a\" data-element_type=\"container\" data-e-type=\"container\" data-settings=\"{&quot;ekit_has_onepagescroll_dot&quot;:&quot;yes&quot;}\">\n\t\t\t\t<div class=\"elementor-element elementor-element-990eb16 elementor-widget elementor-widget-heading\" data-id=\"990eb16\" data-element_type=\"widget\" data-e-type=\"widget\" data-settings=\"{&quot;ekit_we_effect_on&quot;:&quot;none&quot;}\" data-widget_type=\"heading.default\">\n\t\t\t\t\t<h6 class=\"elementor-heading-title elementor-size-default\">Contato<\/h6>\t\t\t\t<\/div>\n\t\t\t\t<div class=\"elementor-element elementor-element-c899ad6 elementor-mobile-align-center elementor-tablet-align-center elementor-icon-list--layout-traditional elementor-list-item-link-full_width elementor-widget elementor-widget-icon-list\" data-id=\"c899ad6\" data-element_type=\"widget\" data-e-type=\"widget\" data-settings=\"{&quot;ekit_we_effect_on&quot;:&quot;none&quot;}\" data-widget_type=\"icon-list.default\">\n\t\t\t\t\t\t\t<ul class=\"elementor-icon-list-items\">\n\t\t\t\t\t\t\t<li class=\"elementor-icon-list-item\">\n\t\t\t\t\t\t\t\t\t\t\t<a href=\"https:\/\/wa.me\/553432925400?text=Ol%C3%A1,%20tudo%20bem?%20Visitei%20sua%20p%C3%A1gina%20de%20expans%C3%A3o%20Provanza%20e%20gostaria%20de%20mais%20informa%C3%A7%C3%B5es%20para%20ser%20um%20parceiro(a).\">\n\n\t\t\t\t\t\t\t\t\t\t\t\t<span class=\"elementor-icon-list-icon\">\n\t\t\t\t\t\t\t<svg aria-hidden=\"true\" class=\"e-font-icon-svg e-fab-whatsapp\" viewBox=\"0 0 448 512\" xmlns=\"http:\/\/www.w3.org\/2000\/svg\"><path d=\"M380.9 97.1C339 55.1 283.2 32 223.9 32c-122.4 0-222 99.6-222 222 0 39.1 10.2 77.3 29.6 111L0 480l117.7-30.9c32.4 17.7 68.9 27 106.1 27h.1c122.3 0 224.1-99.6 224.1-222 0-59.3-25.2-115-67.1-157zm-157 341.6c-33.2 0-65.7-8.9-94-25.7l-6.7-4-69.8 18.3L72 359.2l-4.4-7c-18.5-29.4-28.2-63.3-28.2-98.2 0-101.7 82.8-184.5 184.6-184.5 49.3 0 95.6 19.2 130.4 54.1 34.8 34.9 56.2 81.2 56.1 130.5 0 101.8-84.9 184.6-186.6 184.6zm101.2-138.2c-5.5-2.8-32.8-16.2-37.9-18-5.1-1.9-8.8-2.8-12.5 2.8-3.7 5.6-14.3 18-17.6 21.8-3.2 3.7-6.5 4.2-12 1.4-32.6-16.3-54-29.1-75.5-66-5.7-9.8 5.7-9.1 16.3-30.3 1.8-3.7.9-6.9-.5-9.7-1.4-2.8-12.5-30.1-17.1-41.2-4.5-10.8-9.1-9.3-12.5-9.5-3.2-.2-6.9-.2-10.6-.2-3.7 0-9.7 1.4-14.8 6.9-5.1 5.6-19.4 19-19.4 46.3 0 27.3 19.9 53.7 22.6 57.4 2.8 3.7 39.1 59.7 94.8 83.8 35.2 15.2 49 16.5 66.6 13.9 10.7-1.6 32.8-13.4 37.4-26.4 4.6-13 4.6-24.1 3.2-26.4-1.3-2.5-5-3.9-10.5-6.6z\"><\/path><\/svg>\t\t\t\t\t\t<\/span>\n\t\t\t\t\t\t\t\t\t\t<span class=\"elementor-icon-list-text\">(34) 3292-5400<\/span>\n\t\t\t\t\t\t\t\t\t\t\t<\/a>\n\t\t\t\t\t\t\t\t\t<\/li>\n\t\t\t\t\t\t\t\t<li class=\"elementor-icon-list-item\">\n\t\t\t\t\t\t\t\t\t\t\t<a href=\"https:\/\/www.instagram.com\/provanza\/\">\n\n\t\t\t\t\t\t\t\t\t\t\t\t<span class=\"elementor-icon-list-icon\">\n\t\t\t\t\t\t\t<svg aria-hidden=\"true\" class=\"e-font-icon-svg e-fab-instagram\" viewBox=\"0 0 448 512\" xmlns=\"http:\/\/www.w3.org\/2000\/svg\"><path d=\"M224.1 141c-63.6 0-114.9 51.3-114.9 114.9s51.3 114.9 114.9 114.9S339 319.5 339 255.9 287.7 141 224.1 141zm0 189.6c-41.1 0-74.7-33.5-74.7-74.7s33.5-74.7 74.7-74.7 74.7 33.5 74.7 74.7-33.6 74.7-74.7 74.7zm146.4-194.3c0 14.9-12 26.8-26.8 26.8-14.9 0-26.8-12-26.8-26.8s12-26.8 26.8-26.8 26.8 12 26.8 26.8zm76.1 27.2c-1.7-35.9-9.9-67.7-36.2-93.9-26.2-26.2-58-34.4-93.9-36.2-37-2.1-147.9-2.1-184.9 0-35.8 1.7-67.6 9.9-93.9 36.1s-34.4 58-36.2 93.9c-2.1 37-2.1 147.9 0 184.9 1.7 35.9 9.9 67.7 36.2 93.9s58 34.4 93.9 36.2c37 2.1 147.9 2.1 184.9 0 35.9-1.7 67.7-9.9 93.9-36.2 26.2-26.2 34.4-58 36.2-93.9 2.1-37 2.1-147.8 0-184.8zM398.8 388c-7.8 19.6-22.9 34.7-42.6 42.6-29.5 11.7-99.5 9-132.1 9s-102.7 2.6-132.1-9c-19.6-7.8-34.7-22.9-42.6-42.6-11.7-29.5-9-99.5-9-132.1s-2.6-102.7 9-132.1c7.8-19.6 22.9-34.7 42.6-42.6 29.5-11.7 99.5-9 132.1-9s102.7-2.6 132.1 9c19.6 7.8 34.7 22.9 42.6 42.6 11.7 29.5 9 99.5 9 132.1s2.7 102.7-9 132.1z\"><\/path><\/svg>\t\t\t\t\t\t<\/span>\n\t\t\t\t\t\t\t\t\t\t<span class=\"elementor-icon-list-text\">@provanza<\/span>\n\t\t\t\t\t\t\t\t\t\t\t<\/a>\n\t\t\t\t\t\t\t\t\t<\/li>\n\t\t\t\t\t\t\t\t<li class=\"elementor-icon-list-item\">\n\t\t\t\t\t\t\t\t\t\t\t<a href=\"mailto:contato@provanza.com.br\">\n\n\t\t\t\t\t\t\t\t\t\t\t\t<span class=\"elementor-icon-list-icon\">\n\t\t\t\t\t\t\t<svg aria-hidden=\"true\" class=\"e-font-icon-svg e-far-envelope\" viewBox=\"0 0 512 512\" xmlns=\"http:\/\/www.w3.org\/2000\/svg\"><path d=\"M464 64H48C21.49 64 0 85.49 0 112v288c0 26.51 21.49 48 48 48h416c26.51 0 48-21.49 48-48V112c0-26.51-21.49-48-48-48zm0 48v40.805c-22.422 18.259-58.168 46.651-134.587 106.49-16.841 13.247-50.201 45.072-73.413 44.701-23.208.375-56.579-31.459-73.413-44.701C106.18 199.465 70.425 171.067 48 152.805V112h416zM48 400V214.398c22.914 18.251 55.409 43.862 104.938 82.646 21.857 17.205 60.134 55.186 103.062 54.955 42.717.231 80.509-37.199 103.053-54.947 49.528-38.783 82.032-64.401 104.947-82.653V400H48z\"><\/path><\/svg>\t\t\t\t\t\t<\/span>\n\t\t\t\t\t\t\t\t\t\t<span class=\"elementor-icon-list-text\">contato@provanza.com.br<\/span>\n\t\t\t\t\t\t\t\t\t\t\t<\/a>\n\t\t\t\t\t\t\t\t\t<\/li>\n\t\t\t\t\t\t<\/ul>\n\t\t\t\t\t\t<\/div>\n\t\t\t\t<\/div>\n\t\t<div class=\"elementor-element elementor-element-24e717f e-con-full e-flex e-con e-child\" data-id=\"24e717f\" data-element_type=\"container\" data-e-type=\"container\" data-settings=\"{&quot;ekit_has_onepagescroll_dot&quot;:&quot;yes&quot;}\">\n\t\t\t\t<div class=\"elementor-element elementor-element-228bf38 elementor-widget elementor-widget-heading\" data-id=\"228bf38\" data-element_type=\"widget\" data-e-type=\"widget\" data-settings=\"{&quot;ekit_we_effect_on&quot;:&quot;none&quot;}\" data-widget_type=\"heading.default\">\n\t\t\t\t\t<h6 class=\"elementor-heading-title elementor-size-default\">Empresa<\/h6>\t\t\t\t<\/div>\n\t\t\t\t<div class=\"elementor-element elementor-element-b3ca696 elementor-mobile-align-center elementor-tablet-align-center elementor-icon-list--layout-traditional elementor-list-item-link-full_width elementor-widget elementor-widget-icon-list\" data-id=\"b3ca696\" data-element_type=\"widget\" data-e-type=\"widget\" data-settings=\"{&quot;ekit_we_effect_on&quot;:&quot;none&quot;}\" data-widget_type=\"icon-list.default\">\n\t\t\t\t\t\t\t<ul class=\"elementor-icon-list-items\">\n\t\t\t\t\t\t\t<li class=\"elementor-icon-list-item\">\n\t\t\t\t\t\t\t\t\t\t\t<a href=\"https:\/\/expansao.provanza.com.br\/?page_id=3\">\n\n\t\t\t\t\t\t\t\t\t\t\t<span class=\"elementor-icon-list-text\">Pol\u00edticas de Privacidade<\/span>\n\t\t\t\t\t\t\t\t\t\t\t<\/a>\n\t\t\t\t\t\t\t\t\t<\/li>\n\t\t\t\t\t\t\t\t<li class=\"elementor-icon-list-item\">\n\t\t\t\t\t\t\t\t\t\t<span class=\"elementor-icon-list-text\">Av. Eng. Diniz, 2017 \u2013 Martins, Uberl\u00e2ndia \u2013 MG, 38400-462<\/span>\n\t\t\t\t\t\t\t\t\t<\/li>\n\t\t\t\t\t\t<\/ul>\n\t\t\t\t\t\t<\/div>\n\t\t\t\t<\/div>\n\t\t\t\t\t<\/div>\n\t\t\t\t<\/div>\n\t\t\t\t<\/div>\n\t\t","protected":false},"excerpt":{"rendered":"<p>Voltar para o site Pol\u00edticas de Privacidade 1. Introdu\u00e7\u00e3o A Provanza se preocupa com a prote\u00e7\u00e3o da sua privacidade e seguran\u00e7a.\u00a0Esta Pol\u00edtica de Privacidade descreve como coletamos, usamos, compartilhamos e protegemos suas informa\u00e7\u00f5es pessoais quando voc\u00ea\u00a0visita nosso site ou interage conosco. Ao usar nosso site, voc\u00ea concorda com os termos desta Pol\u00edtica de Privacidade.\u00a0 \u00a0 [&hellip;]<\/p>\n","protected":false},"author":1,"featured_media":0,"parent":0,"menu_order":0,"comment_status":"closed","ping_status":"open","template":"elementor_canvas","meta":{"footnotes":""},"class_list":["post-3","page","type-page","status-publish","hentry"],"_links":{"self":[{"href":"https:\/\/expansao.provanza.com.br\/index.php?rest_route=\/wp\/v2\/pages\/3","targetHints":{"allow":["GET"]}}],"collection":[{"href":"https:\/\/expansao.provanza.com.br\/index.php?rest_route=\/wp\/v2\/pages"}],"about":[{"href":"https:\/\/expansao.provanza.com.br\/index.php?rest_route=\/wp\/v2\/types\/page"}],"author":[{"embeddable":true,"href":"https:\/\/expansao.provanza.com.br\/index.php?rest_route=\/wp\/v2\/users\/1"}],"replies":[{"embeddable":true,"href":"https:\/\/expansao.provanza.com.br\/index.php?rest_route=%2Fwp%2Fv2%2Fcomments&post=3"}],"version-history":[{"count":18,"href":"https:\/\/expansao.provanza.com.br\/index.php?rest_route=\/wp\/v2\/pages\/3\/revisions"}],"predecessor-version":[{"id":589,"href":"https:\/\/expansao.provanza.com.br\/index.php?rest_route=\/wp\/v2\/pages\/3\/revisions\/589"}],"wp:attachment":[{"href":"https:\/\/expansao.provanza.com.br\/index.php?rest_route=%2Fwp%2Fv2%2Fmedia&parent=3"}],"curies":[{"name":"wp","href":"https:\/\/api.w.org\/{rel}","templated":true}]}}